{"id":4708,"date":"2019-04-19T02:28:58","date_gmt":"2019-04-19T02:28:58","guid":{"rendered":"https:\/\/demo2wpopal.b-cdn.net\/lexrider\/?page_id=4708"},"modified":"2025-01-25T15:48:53","modified_gmt":"2025-01-25T14:48:53","slug":"faq","status":"publish","type":"page","link":"https:\/\/old-steel.de\/index.php\/faq\/","title":{"rendered":"FAQ"},"content":{"rendered":"\t\t<div data-elementor-type=\"wp-post\" data-elementor-id=\"4708\" class=\"elementor elementor-4708\">\n\t\t\t\t\t\t<section class=\"elementor-section elementor-top-section elementor-element elementor-element-29f821b elementor-section-stretched elementor-section-boxed elementor-section-height-default elementor-section-height-default\" data-id=\"29f821b\" data-element_type=\"section\" data-settings=\"{&quot;stretch_section&quot;:&quot;section-stretched&quot;}\">\n\t\t\t\t\t\t<div class=\"elementor-container elementor-column-gap-no\">\n\t\t\t\t\t<div class=\"elementor-column elementor-col-100 elementor-top-column elementor-element elementor-element-fda0086\" data-id=\"fda0086\" data-element_type=\"column\">\n\t\t\t<div class=\"elementor-widget-wrap elementor-element-populated\">\n\t\t\t\t\t\t<div class=\"elementor-element elementor-element-7523374 elementor-align-center animated-fast elementor-invisible elementor-widget elementor-widget-heading\" data-id=\"7523374\" data-element_type=\"widget\" data-settings=\"{&quot;_animation&quot;:&quot;opal-move-up&quot;}\" data-widget_type=\"heading.default\">\n\t\t\t\t<div class=\"elementor-widget-container\">\n\t\t\t\t\t<h2 class=\"elementor-heading-title elementor-size-default\">H\u00e4ufige Fragen<\/h2>\t\t\t\t<\/div>\n\t\t\t\t<\/div>\n\t\t\t\t<section class=\"elementor-section elementor-inner-section elementor-element elementor-element-e9cf79c elementor-section-full_width elementor-section-height-default elementor-section-height-default\" data-id=\"e9cf79c\" data-element_type=\"section\">\n\t\t\t\t\t\t<div class=\"elementor-container elementor-column-gap-no\">\n\t\t\t\t\t<div class=\"elementor-column elementor-col-50 elementor-inner-column elementor-element elementor-element-ace463b animated-fast elementor-invisible\" data-id=\"ace463b\" data-element_type=\"column\" data-settings=\"{&quot;animation&quot;:&quot;opal-move-up&quot;}\">\n\t\t\t<div class=\"elementor-widget-wrap elementor-element-populated\">\n\t\t\t\t\t\t<div class=\"elementor-element elementor-element-a273472 elementor-accordion-i-right elementor-widget elementor-widget-accordion\" data-id=\"a273472\" data-element_type=\"widget\" data-widget_type=\"accordion.default\">\n\t\t\t\t<div class=\"elementor-widget-container\">\n\t\t\t\t\t        <div class=\"elementor-accordion\" role=\"tablist\">\n                    <div class=\"elementor-accordion-item\">\n            <div id=\"elementor-tab-title-1701\" class=\"elementor-tab-title\" tabindex=\"1701\" data-tab=\"1\" role=\"tab\" aria-controls=\"elementor-tab-content-1701\">\n                        <span class=\"elementor-accordion-icon\" aria-hidden=\"true\">\n\t\t\t\t\t\t\t<i class=\"elementor-accordion-icon-closed opal-icon-plus\"><\/i>\n\t\t\t\t\t\t\t<i class=\"elementor-accordion-icon-opened opal-icon-minus\"><\/i>\n\t\t\t\t\t\t<\/span>\n                    Ist der OS MC ein Harley Club?            <\/div>\n            <div id=\"elementor-tab-content-1701\" class=\"elementor-tab-content elementor-clearfix\" data-tab=\"1\" role=\"tabpanel\" aria-labelledby=\"elementor-tab-title-1701\"><p>Nein. Unsere Member sind auf keine Marke festgelegt. Es gibt viele gro\u00dfartige Motorr\u00e4der von zahlreichen Herstellern und wir sind sehr aufgeschlossen. In einem vern\u00fcnftigen Rahmen nat\u00fcrlich. Au\u00dferdem haben wir eine bew\u00e4hrte Definition, was konkret als &#8222;Motorrad&#8220; durchgeht und was eher Sportger\u00e4t, Suicide-Machine, Tuk-Tuk oder N\u00e4hmaschine ist.\u00a0<\/p><\/div>\n            <\/div>\n                    <div class=\"elementor-accordion-item\">\n            <div id=\"elementor-tab-title-1702\" class=\"elementor-tab-title\" tabindex=\"1702\" data-tab=\"2\" role=\"tab\" aria-controls=\"elementor-tab-content-1702\">\n                        <span class=\"elementor-accordion-icon\" aria-hidden=\"true\">\n\t\t\t\t\t\t\t<i class=\"elementor-accordion-icon-closed opal-icon-plus\"><\/i>\n\t\t\t\t\t\t\t<i class=\"elementor-accordion-icon-opened opal-icon-minus\"><\/i>\n\t\t\t\t\t\t<\/span>\n                    Seid ihr ein \"OUTLAW\" MC?            <\/div>\n            <div id=\"elementor-tab-content-1702\" class=\"elementor-tab-content elementor-clearfix\" data-tab=\"2\" role=\"tabpanel\" aria-labelledby=\"elementor-tab-title-1702\"><p>Wir gehen Problemen mit Recht und Gesetz aus dem Weg.<\/p><\/div>\n            <\/div>\n                    <div class=\"elementor-accordion-item\">\n            <div id=\"elementor-tab-title-1703\" class=\"elementor-tab-title\" tabindex=\"1703\" data-tab=\"3\" role=\"tab\" aria-controls=\"elementor-tab-content-1703\">\n                        <span class=\"elementor-accordion-icon\" aria-hidden=\"true\">\n\t\t\t\t\t\t\t<i class=\"elementor-accordion-icon-closed opal-icon-plus\"><\/i>\n\t\t\t\t\t\t\t<i class=\"elementor-accordion-icon-opened opal-icon-minus\"><\/i>\n\t\t\t\t\t\t<\/span>\n                    Ich habe kein Motorrad - kann ich trotzdem Rocker werden?            <\/div>\n            <div id=\"elementor-tab-content-1703\" class=\"elementor-tab-content elementor-clearfix\" data-tab=\"3\" role=\"tabpanel\" aria-labelledby=\"elementor-tab-title-1703\"><p>Ob Du Rocker bist oder nicht h\u00e4ngt nicht an einem Bike. Ein paar der krassesten Rocker die wir kennen fahren kein Moped (mehr).<\/p><p>So auf den ersten Blick scheint uns aber ein Motorrad eine \u00fcberlegenswerte Anschaffung (sowieso ! und insbesondere), wenn man in einen MC eintreten m\u00f6chte&#8230;\u00a0\u00a0<\/p><\/div>\n            <\/div>\n                    <div class=\"elementor-accordion-item\">\n            <div id=\"elementor-tab-title-1704\" class=\"elementor-tab-title\" tabindex=\"1704\" data-tab=\"4\" role=\"tab\" aria-controls=\"elementor-tab-content-1704\">\n                        <span class=\"elementor-accordion-icon\" aria-hidden=\"true\">\n\t\t\t\t\t\t\t<i class=\"elementor-accordion-icon-closed opal-icon-plus\"><\/i>\n\t\t\t\t\t\t\t<i class=\"elementor-accordion-icon-opened opal-icon-minus\"><\/i>\n\t\t\t\t\t\t<\/span>\n                    Ich habe ein Motorrad - nehmt ihr mich auf?            <\/div>\n            <div id=\"elementor-tab-content-1704\" class=\"elementor-tab-content elementor-clearfix\" data-tab=\"4\" role=\"tabpanel\" aria-labelledby=\"elementor-tab-title-1704\"><p>Das kann dir passieren &#8211; vorausgesetzt, Du m\u00f6chtest dies noch nach deiner Zeit als Hangaround und anschlie\u00dfend als Prospect&#8230; und es gibt von den Full-Members keine Gegenstimme.\u00a0<\/p><\/div>\n            <\/div>\n                    <div class=\"elementor-accordion-item\">\n            <div id=\"elementor-tab-title-1705\" class=\"elementor-tab-title\" tabindex=\"1705\" data-tab=\"5\" role=\"tab\" aria-controls=\"elementor-tab-content-1705\">\n                        <span class=\"elementor-accordion-icon\" aria-hidden=\"true\">\n\t\t\t\t\t\t\t<i class=\"elementor-accordion-icon-closed opal-icon-plus\"><\/i>\n\t\t\t\t\t\t\t<i class=\"elementor-accordion-icon-opened opal-icon-minus\"><\/i>\n\t\t\t\t\t\t<\/span>\n                    Kann ich mal spontan bei Euch im Clubhouse vorbei kommen?            <\/div>\n            <div id=\"elementor-tab-content-1705\" class=\"elementor-tab-content elementor-clearfix\" data-tab=\"5\" role=\"tabpanel\" aria-labelledby=\"elementor-tab-title-1705\"><p>Ohne vorherige Absprache lieber nicht. Melde dich aber gerne, dann besprechen wir das. Zum generellen Kennenlernen bieten sich unsere regelm\u00e4\u00dfigen (offenen) Feiern an. Die n\u00e4chsten Termine findest du unter &#8222;Termine&#8220;.<\/p><\/div>\n            <\/div>\n                    <div class=\"elementor-accordion-item\">\n            <div id=\"elementor-tab-title-1706\" class=\"elementor-tab-title\" tabindex=\"1706\" data-tab=\"6\" role=\"tab\" aria-controls=\"elementor-tab-content-1706\">\n                        <span class=\"elementor-accordion-icon\" aria-hidden=\"true\">\n\t\t\t\t\t\t\t<i class=\"elementor-accordion-icon-closed opal-icon-plus\"><\/i>\n\t\t\t\t\t\t\t<i class=\"elementor-accordion-icon-opened opal-icon-minus\"><\/i>\n\t\t\t\t\t\t<\/span>\n                    Pr\u00fcgelt ihr euch regelm\u00e4\u00dfig mit anderen Rockern?            <\/div>\n            <div id=\"elementor-tab-content-1706\" class=\"elementor-tab-content elementor-clearfix\" data-tab=\"6\" role=\"tabpanel\" aria-labelledby=\"elementor-tab-title-1706\"><p>Nein! Wir haben Member mit Vollzeitjobs und Familie: Da fehlt f\u00fcr regelm\u00e4\u00dfige Pr\u00fcgeleien einfach die Zeit.<\/p><\/div>\n            <\/div>\n                <\/div>\n        \t\t\t\t<\/div>\n\t\t\t\t<\/div>\n\t\t\t\t\t<\/div>\n\t\t<\/div>\n\t\t\t\t<div class=\"elementor-column elementor-col-50 elementor-inner-column elementor-element elementor-element-9c1b73b animated-fast elementor-invisible\" data-id=\"9c1b73b\" data-element_type=\"column\" data-settings=\"{&quot;animation&quot;:&quot;opal-move-up&quot;,&quot;animation_delay&quot;:200}\">\n\t\t\t<div class=\"elementor-widget-wrap elementor-element-populated\">\n\t\t\t\t\t\t<div class=\"elementor-element elementor-element-ffbc2b5 elementor-accordion-i-right elementor-widget elementor-widget-accordion\" data-id=\"ffbc2b5\" data-element_type=\"widget\" data-widget_type=\"accordion.default\">\n\t\t\t\t<div class=\"elementor-widget-container\">\n\t\t\t\t\t        <div class=\"elementor-accordion\" role=\"tablist\">\n                    <div class=\"elementor-accordion-item\">\n            <div id=\"elementor-tab-title-2681\" class=\"elementor-tab-title\" tabindex=\"2681\" data-tab=\"1\" role=\"tab\" aria-controls=\"elementor-tab-content-2681\">\n                        <span class=\"elementor-accordion-icon\" aria-hidden=\"true\">\n\t\t\t\t\t\t\t<i class=\"elementor-accordion-icon-closed opal-icon-plus\"><\/i>\n\t\t\t\t\t\t\t<i class=\"elementor-accordion-icon-opened opal-icon-minus\"><\/i>\n\t\t\t\t\t\t<\/span>\n                    Was bedeutet das Colour vom Old Steel MC?            <\/div>\n            <div id=\"elementor-tab-content-2681\" class=\"elementor-tab-content elementor-clearfix\" data-tab=\"1\" role=\"tabpanel\" aria-labelledby=\"elementor-tab-title-2681\"><p>Der OS MC hat seine Wurzeln in Heiligenhaus und das zeigen wir auch auf unserer Kutte. Das Stadtwappen beinhaltet den Amboss, den wir ziemlich gekonnt \u00fcbernommen haben. Au\u00dferdem beinhaltet der Clubname einen versteckten Hinweis auf die alte Stahlstadt Heljens.<\/p><\/div>\n            <\/div>\n                    <div class=\"elementor-accordion-item\">\n            <div id=\"elementor-tab-title-2682\" class=\"elementor-tab-title\" tabindex=\"2682\" data-tab=\"2\" role=\"tab\" aria-controls=\"elementor-tab-content-2682\">\n                        <span class=\"elementor-accordion-icon\" aria-hidden=\"true\">\n\t\t\t\t\t\t\t<i class=\"elementor-accordion-icon-closed opal-icon-plus\"><\/i>\n\t\t\t\t\t\t\t<i class=\"elementor-accordion-icon-opened opal-icon-minus\"><\/i>\n\t\t\t\t\t\t<\/span>\n                    Ist der Old Steel MC ein 1%er MC?            <\/div>\n            <div id=\"elementor-tab-content-2682\" class=\"elementor-tab-content elementor-clearfix\" data-tab=\"2\" role=\"tabpanel\" aria-labelledby=\"elementor-tab-title-2682\"><p>Nein. Wir sind nicht restlos \u00fcberzeugt, dass Gewalt das Mittel der Wahl bei Meinungsverschiedenheiten ist: Bevor wir F\u00e4uste sprechen lassen experimentieren wir darum oft und mit erstaunlichem Erfolg mit alternativen Kommunikatiosnmitteln.\u00a0<\/p><\/div>\n            <\/div>\n                    <div class=\"elementor-accordion-item\">\n            <div id=\"elementor-tab-title-2683\" class=\"elementor-tab-title\" tabindex=\"2683\" data-tab=\"3\" role=\"tab\" aria-controls=\"elementor-tab-content-2683\">\n                        <span class=\"elementor-accordion-icon\" aria-hidden=\"true\">\n\t\t\t\t\t\t\t<i class=\"elementor-accordion-icon-closed opal-icon-plus\"><\/i>\n\t\t\t\t\t\t\t<i class=\"elementor-accordion-icon-opened opal-icon-minus\"><\/i>\n\t\t\t\t\t\t<\/span>\n                    Sind Rocker nicht alle Rechtsradikale, Neonazis und Faschisten?            <\/div>\n            <div id=\"elementor-tab-content-2683\" class=\"elementor-tab-content elementor-clearfix\" data-tab=\"3\" role=\"tabpanel\" aria-labelledby=\"elementor-tab-title-2683\"><p>Im Stechschritt marschierende Idioten, die Asylantenheime in Brand setzen wollen, haben bei uns nichts zu suchen. Auch vermummte Steinewerfer sollten tunlichst wegbleiben. Dazwischen sind wir tolerant: Katholikenf\u00fcrze, Labersozis, Kapitalisten\u00e4rsche, linke Zecken und gr\u00fcne Spinner d\u00fcrfen ihre Meinungen gern auf jede jeweils gew\u00fcnschte Weise austauchen, Verbandsmaterial ist immer vorr\u00e4tig, Jacky zum Ansto\u00dfen danach sowieso. Leider haben wir keinen als ostdeutsches M\u00e4del geborenen queeren behinderten asiatischst\u00e4mmigen Afrikaner als Member, den wir zum Zeichen unserer Weltoffenheit zum President w\u00e4hlen k\u00f6nnten&#8230;<\/p><p>\u00a0<\/p><p>Kurz: Wir sind nicht politisch. Wir lassen uns nicht in eine Schublade stecken und auch nicht instrumentalisieren. Bei uns kann jeder sagen was er denkt und jeder hat bei uns dasselbe Recht, von seinen Br\u00fcdern verarscht zu werden &#8211; unabh\u00e4ngig von Geschlecht, Abstammung, Ausbildung und GdB. Wir sagen uns, was raus muss und h\u00f6ren die Musik, die uns gef\u00e4llt! Und wer Schnappatmung bekommt, wenn auf unseren Partys Rammstein, die Hosen, die Onkelz oder die Scherben gespielt werden, ist wom\u00f6glich ein selbstgerechter intoleranter Schmock.<\/p><\/div>\n            <\/div>\n                    <div class=\"elementor-accordion-item\">\n            <div id=\"elementor-tab-title-2684\" class=\"elementor-tab-title\" tabindex=\"2684\" data-tab=\"4\" role=\"tab\" aria-controls=\"elementor-tab-content-2684\">\n                        <span class=\"elementor-accordion-icon\" aria-hidden=\"true\">\n\t\t\t\t\t\t\t<i class=\"elementor-accordion-icon-closed opal-icon-plus\"><\/i>\n\t\t\t\t\t\t\t<i class=\"elementor-accordion-icon-opened opal-icon-minus\"><\/i>\n\t\t\t\t\t\t<\/span>\n                    Ich habe Familie - kann ich trotzdem eintreten?            <\/div>\n            <div id=\"elementor-tab-content-2684\" class=\"elementor-tab-content elementor-clearfix\" data-tab=\"4\" role=\"tabpanel\" aria-labelledby=\"elementor-tab-title-2684\"><p>Eine streng geheime Befragung hat ergeben, dass es bei uns tats\u00e4chlich bereits Member mit famili\u00e4rem Background gibt. Wir sind zwar ersch\u00fcttert, haben uns aber auf eine vor\u00fcbergehenden Duldung dieser Unannehmlichkeiten verst\u00e4ndigt.\u00a0<\/p><\/div>\n            <\/div>\n                    <div class=\"elementor-accordion-item\">\n            <div id=\"elementor-tab-title-2685\" class=\"elementor-tab-title\" tabindex=\"2685\" data-tab=\"5\" role=\"tab\" aria-controls=\"elementor-tab-content-2685\">\n                        <span class=\"elementor-accordion-icon\" aria-hidden=\"true\">\n\t\t\t\t\t\t\t<i class=\"elementor-accordion-icon-closed opal-icon-plus\"><\/i>\n\t\t\t\t\t\t\t<i class=\"elementor-accordion-icon-opened opal-icon-minus\"><\/i>\n\t\t\t\t\t\t<\/span>\n                    Kann ich eure Patches und Shirts kaufen?            <\/div>\n            <div id=\"elementor-tab-content-2685\" class=\"elementor-tab-content elementor-clearfix\" data-tab=\"5\" role=\"tabpanel\" aria-labelledby=\"elementor-tab-title-2685\"><p>Ja, das solltest du sogar! Damit zeigst du nicht nur hervorragenden Geschmack und den Willen, einen eingesessenen MC zu supporten &#8211; du unterst\u00fctzt damit auch aktiv den Club bei der Wahrnehmung seiner Clubpflichten. Es sind zwar nicht alle Patches und Shirts f\u00fcr Nicht-Member verf\u00fcgbar, aber sprich uns gerne an.\u00a0 \u00a0<\/p><\/div>\n            <\/div>\n                    <div class=\"elementor-accordion-item\">\n            <div id=\"elementor-tab-title-2686\" class=\"elementor-tab-title\" tabindex=\"2686\" data-tab=\"6\" role=\"tab\" aria-controls=\"elementor-tab-content-2686\">\n                        <span class=\"elementor-accordion-icon\" aria-hidden=\"true\">\n\t\t\t\t\t\t\t<i class=\"elementor-accordion-icon-closed opal-icon-plus\"><\/i>\n\t\t\t\t\t\t\t<i class=\"elementor-accordion-icon-opened opal-icon-minus\"><\/i>\n\t\t\t\t\t\t<\/span>\n                    Wo kann ich mich beschweren, dass die Internetseite nicht gendergerecht ist?            <\/div>\n            <div id=\"elementor-tab-content-2686\" class=\"elementor-tab-content elementor-clearfix\" data-tab=\"6\" role=\"tabpanel\" aria-labelledby=\"elementor-tab-title-2686\"><p>Schreib uns bitte eine kurze Nachricht und wir werden \u00fcber diesen alarmierenden Umstand unverz\u00fcglich unser\/e\/n Gleichstellungsbeauftragte\/r\/s informieren!! So etwas nehmen wir sehr ernst.<\/p><p>\u00a0<\/p><p>Ehrlich.<\/p><\/div>\n            <\/div>\n                <\/div>\n        \t\t\t\t<\/div>\n\t\t\t\t<\/div>\n\t\t\t\t\t<\/div>\n\t\t<\/div>\n\t\t\t\t\t<\/div>\n\t\t<\/section>\n\t\t\t\t\t<\/div>\n\t\t<\/div>\n\t\t\t\t\t<\/div>\n\t\t<\/section>\n\t\t\t\t<\/div>\n\t\t","protected":false},"excerpt":{"rendered":"<p>H\u00e4ufige Fragen Ist der OS MC ein Harley Club? Nein. Unsere Member sind auf keine Marke festgelegt. Es gibt viele gro\u00dfartige Motorr\u00e4der von zahlreichen Herstellern und wir sind sehr aufgeschlossen.&hellip; <\/p>\n<p class=\"link-more\"><a href=\"https:\/\/old-steel.de\/index.php\/faq\/\" class=\"more-link\">Read More <span class=\"screen-reader-text\"> &#8222;FAQ&#8220;<\/span><\/a><\/p>\n","protected":false},"author":1,"featured_media":0,"parent":0,"menu_order":0,"comment_status":"closed","ping_status":"closed","template":"page-elementor.php","meta":{"footnotes":""},"class_list":["post-4708","page","type-page","status-publish","hentry"],"_links":{"self":[{"href":"https:\/\/old-steel.de\/index.php\/wp-json\/wp\/v2\/pages\/4708","targetHints":{"allow":["GET"]}}],"collection":[{"href":"https:\/\/old-steel.de\/index.php\/wp-json\/wp\/v2\/pages"}],"about":[{"href":"https:\/\/old-steel.de\/index.php\/wp-json\/wp\/v2\/types\/page"}],"author":[{"embeddable":true,"href":"https:\/\/old-steel.de\/index.php\/wp-json\/wp\/v2\/users\/1"}],"replies":[{"embeddable":true,"href":"https:\/\/old-steel.de\/index.php\/wp-json\/wp\/v2\/comments?post=4708"}],"version-history":[{"count":96,"href":"https:\/\/old-steel.de\/index.php\/wp-json\/wp\/v2\/pages\/4708\/revisions"}],"predecessor-version":[{"id":9761,"href":"https:\/\/old-steel.de\/index.php\/wp-json\/wp\/v2\/pages\/4708\/revisions\/9761"}],"wp:attachment":[{"href":"https:\/\/old-steel.de\/index.php\/wp-json\/wp\/v2\/media?parent=4708"}],"curies":[{"name":"wp","href":"https:\/\/api.w.org\/{rel}","templated":true}]}}